{"id":68,"date":"2022-06-08T21:24:12","date_gmt":"2022-06-09T00:24:12","guid":{"rendered":"https:\/\/laboratoriodecsnaturalesissc.wordpress.com\/?page_id=68"},"modified":"2022-09-17T00:04:14","modified_gmt":"2022-09-17T00:04:14","slug":"laboratorio","status":"publish","type":"page","link":"https:\/\/santacatalina.edu.ar\/laboratorio\/laboratorio\/","title":{"rendered":"EL LABORATORIO"},"content":{"rendered":"\n<p><strong>Rese\u00f1a hist\u00f3rica <\/strong><\/p>\n\n\n\n<p>El laboratorio del Instituto Santa Catalina se construy\u00f3 en el sector del nivel secundario entre los a\u00f1os 2009-2010 con mejoras de equipamientos. Destinados a los alumnos que cursan la orientaci\u00f3n de ciencias naturales. Oferta acad\u00e9mica actualizada y modificada con la nueva ley de educaci\u00f3n nacional N\u00b0 26.206 .<\/p>\n\n\n\n<p>En el a\u00f1o 2011, \u201cA\u00f1o de la Vida\u201d, por Resoluci\u00f3n N\u00b0022 del S.P.E.P.M., se incorpora un nuevo eslab\u00f3n en el nivel Superior: La Tecnicatura Superior en Laboratorios Qu\u00edmico &#8211; Biol\u00f3gico, justamente para continuar con el compromiso con la vida, su cuidado y protecci\u00f3n en cada persona y en todas sus etapas. \u201cEl desaf\u00edo de la implementaci\u00f3n de esta Tecnicatura fue asumido y sostenido por la visi\u00f3n y el esfuerzo denotado y desinteresado de un grupo de docentes de esta casa.<\/p>\n\n\n\n<p><\/p>\n\n\n\n<p><\/p>\n\n\n\n<p><strong>Misi\u00f3n <\/strong><\/p>\n\n\n\n<p>Constituye un espacio de aprendizaje destinado a que los alumnos realicen actividades experimentales promoviendo la utilizaci\u00f3n de equipamientos, materiales e insumos fomentando una solida formaci\u00f3n practica que contribuyen a adquirir conocimientos, despertar el esp\u00edritu de investigaci\u00f3n, fomentar la reflexi\u00f3n, desarrollar una actividad cient\u00edfica. <\/p>\n\n\n\n<p><strong>Visi\u00f3n<\/strong><\/p>\n\n\n\n<p>Fortalecer de manera permanente el espacio de experimentaci\u00f3n, garantizando la formaci\u00f3n del estudiante, permitiendo asi que cada trabajo experimental cumplan con altos estandares.<\/p>\n\n\n\n<p> La instituci\u00f3n busca innovaci\u00f3n en infraestructura, nuevos equipos tecnol\u00f3gicos, reactivos y materiales que mejoren el rendimiento de cada actividad.<\/p>\n\n\n\n<p>En cuanto al nivel superior, que los egresados de esta tecnicatura sean referentes de la calidad anal\u00edtica en la provincia de Misiones, reconocidos por su destreza en el laboratorio, compromiso con los pacientes y alto nivel de integraci\u00f3n con otros sectores de la salud.<\/p>\n","protected":false},"excerpt":{"rendered":"<p>Rese\u00f1a hist\u00f3rica El laboratorio del Instituto Santa Catalina se construy\u00f3 en el sector del nivel secundario entre los a\u00f1os 2009-2010 con mejoras de equipamientos. Destinados a los alumnos que cursan la orientaci\u00f3n de ciencias naturales. Oferta acad\u00e9mica actualizada y modificada &hellip; <a href=\"https:\/\/santacatalina.edu.ar\/laboratorio\/laboratorio\/\">Sigue leyendo <span class=\"meta-nav\">&rarr;<\/span><\/a><\/p>\n","protected":false},"author":3,"featured_media":0,"parent":0,"menu_order":0,"comment_status":"closed","ping_status":"closed","template":"","meta":{"footnotes":""},"class_list":["post-68","page","type-page","status-publish","hentry"],"_links":{"self":[{"href":"https:\/\/santacatalina.edu.ar\/laboratorio\/wp-json\/wp\/v2\/pages\/68","targetHints":{"allow":["GET"]}}],"collection":[{"href":"https:\/\/santacatalina.edu.ar\/laboratorio\/wp-json\/wp\/v2\/pages"}],"about":[{"href":"https:\/\/santacatalina.edu.ar\/laboratorio\/wp-json\/wp\/v2\/types\/page"}],"author":[{"embeddable":true,"href":"https:\/\/santacatalina.edu.ar\/laboratorio\/wp-json\/wp\/v2\/users\/3"}],"replies":[{"embeddable":true,"href":"https:\/\/santacatalina.edu.ar\/laboratorio\/wp-json\/wp\/v2\/comments?post=68"}],"version-history":[{"count":10,"href":"https:\/\/santacatalina.edu.ar\/laboratorio\/wp-json\/wp\/v2\/pages\/68\/revisions"}],"predecessor-version":[{"id":160,"href":"https:\/\/santacatalina.edu.ar\/laboratorio\/wp-json\/wp\/v2\/pages\/68\/revisions\/160"}],"wp:attachment":[{"href":"https:\/\/santacatalina.edu.ar\/laboratorio\/wp-json\/wp\/v2\/media?parent=68"}],"curies":[{"name":"wp","href":"https:\/\/api.w.org\/{rel}","templated":true}]}}