{"id":30,"date":"2022-05-24T21:07:29","date_gmt":"2022-05-25T00:07:29","guid":{"rendered":"https:\/\/laboratoriodecsnaturalesissc.wordpress.com\/?page_id=30"},"modified":"2022-05-24T21:07:29","modified_gmt":"2022-05-25T00:07:29","slug":"reglamento","status":"publish","type":"page","link":"https:\/\/santacatalina.edu.ar\/laboratorio\/reglamento\/","title":{"rendered":"REGLAMENTO"},"content":{"rendered":"\n<p><\/p>\n\n\n\n<p><strong><span style=\"text-decoration:underline;\">CAP\u00cdTULO I<\/span><\/strong><\/p>\n\n\n\n<p><strong>DISPOSICIONES GENERALES<\/strong><\/p>\n\n\n\n<p><strong>ART\u00cdCULO 1.- <\/strong>El presente Reglamento es aplicable en todos aquellos lugares en donde se realice trabajo experimental, sea de docencia o de investigaci\u00f3n.\u00a0\u00a0Estos sitios, para efectos del presente Reglamento, ser\u00e1n denominados laboratorios.<\/p>\n\n\n\n<p> Se considerar\u00e1n tambi\u00e9n como \u00e1reas del laboratorio aquellos anexos donde se lleven a cabo varios experimentos. Su observancia es obligatoria para el personal acad\u00e9mico, alumnos y trabajadores administrativos, y no excluye otra reglamentaci\u00f3n que resulte aplicable.<\/p>\n\n\n\n<p><strong>ART\u00cdCULO 2.- <\/strong>Los laboratorios deber\u00e1n estar acondicionados, como m\u00ednimo con lo siguiente:&nbsp;<\/p>\n\n\n\n<ul class=\"wp-block-list\"><li>Un control maestro para la energ\u00eda el\u00e9ctrica.<\/li><li>Un botiqu\u00edn de primeros auxilios.<\/li><li>Extintores<\/li><li>Un sistema de ventilaci\u00f3n adecuado.<\/li><li>Agua corriente.<\/li><li>Drenaje<\/li><li>Se\u00f1alamiento de protecci\u00f3n.<\/li><li>Equipo de seguridad personal (mascarillas, guantes de l\u00e1tex, lentes de seguridad entre otros.<\/li><\/ul>\n\n\n\n<p><strong>ART\u00cdCULO 3.- <\/strong>Todas las actividades que se realicen en el laboratorio deber\u00e1n estar supervisadas por un responsable.<\/p>\n\n\n\n<ol class=\"wp-block-list\"><li>Responsable del grupo: Profesor encargado de impartir la materia de la cual se encuentre realizando trabajo experimental en el que participen los alumnos<\/li><li>Corresponsable: T\u00e9cnico acad\u00e9mico encargado del laboratorio.<\/li><\/ol>\n\n\n\n<p><strong>ART\u00cdCULO 4.- <\/strong>Al realizar actividades experimentales, nunca deber\u00e1 estar una persona sola en el laboratorio. El m\u00ednimo de personas deber\u00e1 ser, invariablemente de dos. En el caso de que uno de ellos sea alumno, deber\u00e1 haber siempre un profesor como segunda persona.<\/p>\n\n\n\n<ol class=\"wp-block-list\"><li>Profesor \u2013 Profesor<\/li><li>Profesor \u2013 Alumno<\/li><li>Profesor \u2013 T\u00e9cnico Acad\u00e9mico<\/li><li>T\u00e9cnico Acad\u00e9mico &#8211; Alumno<\/li><\/ol>\n\n\n\n<p><strong><span style=\"text-decoration:underline;\">CAP\u00cdTULO II<\/span><\/strong><\/p>\n\n\n\n<p><strong>CONDICIONES Y EQUIPO DE SEGURIDAD<\/strong><\/p>\n\n\n\n<p><strong>ART\u00cdCULO 5.- <\/strong>El equipo de protecci\u00f3n personal que ser\u00e1 usado en los laboratorios y anexos de laboratorios donde se lleven a cabo trabajos de experimentaci\u00f3n ser\u00e1:<\/p>\n\n\n\n<ol class=\"wp-block-list\"><li>Bata de algod\u00f3n. Uso obligatorio, se recomienda que sea de tela de algod\u00f3n 100%, manga larga, de un largo hasta la rodilla, usarla preferentemente cerrada y evitar su uso en \u00e1reas fuera del laboratorio.<\/li><li>Lentes de seguridad&nbsp;<\/li><li>Zapato cerrado y c\u00f3modo. Deben evitarse el uso de zapatos perforados, sandalias y de tela, ya que no ofrecen protecci\u00f3n.<\/li><li>Guantes. En caso de que el experimento lo exija y a criterio del profesor. Se debe seleccionar lo adecuado para la actividad que se realizar\u00e1.<\/li><li>Mascarilla antigases y\/o campana de extracci\u00f3n de humo (al manipular sustancias vol\u00e1tiles).<\/li><\/ol>\n\n\n\n<p><strong>ART\u00cdCULO 6.- <\/strong>En los laboratorios y \u00e1reas en donde se realicen experimentos, Queda prohibido fumar, consumir alimentos o bebidas.&nbsp;&nbsp;&nbsp;&nbsp;&nbsp;&nbsp;&nbsp;&nbsp;&nbsp;&nbsp;&nbsp;&nbsp;<\/p>\n\n\n\n<p><strong>ART\u00cdCULO 7.- <\/strong>Por motivo de seguridad personal, se recomienda evitar el uso de lentes de contactos y art\u00edculos personales como anillos, brazaletes, relojes o cualquier otro que pudieran entorpecer el trabajo y contaminarse con sustancias de laboratorio.<\/p>\n\n\n\n<p><strong>ART\u00cdCULO 8.- <\/strong>Usar cabello recogido, y queda prohibido el uso de maquillaje, esmalte para u\u00f1a o cualquier otro producto cosm\u00e9tico durante las actividades de laboratorio.<\/p>\n\n\n\n<p><strong>ART\u00cdCULO 9.-&nbsp; <\/strong>Todas las sustancias, equipos y\/o materiales deber\u00e1n ser manejados con el m\u00e1ximo cuidado, atendiendo a las indicaciones de los manuales de uso o de los manuales de seguridad; evitando realizar maniobras que puedan da\u00f1arlo y reportando<strong> <\/strong>cualquier anomal\u00eda que se presente, en cuanto a su uso<strong>.<\/strong><\/p>\n\n\n\n<p>Las sustancias qu\u00edmicas. Equipos y\/o material no podr\u00e1n sacarse fuera del laboratorio sin la autorizaci\u00f3n del T\u00e9cnico Acad\u00e9mico y\/o encargado de las actividades en el laboratorio.<\/p>\n\n\n\n<p><strong>ART\u00cdCULO 10.-&nbsp; <\/strong>Las puertas de acceso y salidas de emergencia deber\u00e1n estar siempre libres de obst\u00e1culos. Accesibles y en posibilidad de ser utilizadas ante cualquier eventualidad.<strong>&nbsp;&nbsp;&nbsp;&nbsp;&nbsp;&nbsp;&nbsp;&nbsp;&nbsp;&nbsp;&nbsp;&nbsp;&nbsp;&nbsp;&nbsp;&nbsp;&nbsp;&nbsp;&nbsp;&nbsp;&nbsp;&nbsp;&nbsp;&nbsp;&nbsp;&nbsp;&nbsp;&nbsp;&nbsp;&nbsp;&nbsp;&nbsp;&nbsp;&nbsp;&nbsp;&nbsp;&nbsp;&nbsp;&nbsp;&nbsp;&nbsp;&nbsp;&nbsp;&nbsp;&nbsp;&nbsp;&nbsp;&nbsp;&nbsp;&nbsp;&nbsp;&nbsp;&nbsp;&nbsp;&nbsp;&nbsp;&nbsp;&nbsp;&nbsp;&nbsp;&nbsp;&nbsp;&nbsp;&nbsp;&nbsp;<\/strong><\/p>\n\n\n\n<p><strong>ART\u00cdCULO 11.- <\/strong>Las regaderas y lavaojos deber\u00e1n contar con el drenaje correspondiente, funcionar correctamente, estar lo m\u00e1s alejada posible de las instalaciones o controles el\u00e9ctricos y libres de todo obst\u00e1culo que impida su correcto uso.<\/p>\n\n\n\n<p><strong>ART\u00cdCULO 12.- <\/strong>Los controles maestros de energ\u00eda el\u00e9ctrica y suministros de gas y agua, para cada laboratorio, deber\u00e1n estar se\u00f1alados adecuadamente, de manera tal que sean identificados f\u00e1cilmente.<\/p>\n\n\n\n<p><strong>ART\u00cdCULO 13.- <\/strong>En cada laboratorio, deber\u00e1 existir al alcance de todas las personas que en \u00e9l trabajan, el botiqu\u00edn de primeros auxilios.<\/p>\n\n\n\n<p><strong>ART\u00cdCULO 14.- <\/strong>Los extintores de incendio deber\u00e1n ser de CO2, o polvo qu\u00edmico seco; deber\u00e1n revisarse como m\u00ednimo una vez al semestre, y deber\u00e1n recargarse cuando sea necesario, de conformidad con los resultados de la revisi\u00f3n o por haber sido utilizados.<\/p>\n\n\n\n<p><strong>ART\u00cdCULO 15.- <\/strong>Los sistemas de extracci\u00f3n de gases y campana deber\u00e1n mantenerse siempre sin obst\u00e1culos que impidan cumplir con su funci\u00f3n. Asimismo, deber\u00e1n ser acondicionados al inicio del trabajo experimental, para verificar su buen funcionamiento; en caso contrario, se deber\u00e1 avisar a la coordinaci\u00f3n de mantenimiento, para que efect\u00faen el mantenimiento preventivo o correctivo que se requiera.<\/p>\n\n\n\n<p><strong>ART\u00cdCULO 16.- <\/strong>Los sistemas de suministro y agua corriente y drenaje deber\u00e1n verificarse a fin de que est\u00e9n en buen estado; en caso contrario, dar aviso al \u00e1rea de mantenimiento para recibir el mantenimiento preventivo o correctivo que se requiera.<\/p>\n\n\n\n<p><strong>ART\u00cdCULO 17.- <\/strong>Los lugares en que almacenen reactivos, disolventes, equipos, materiales, medios de cultivo y todo aquello relacionado o necesario para que el trabajo en los laboratorios se lleve a cabo, estar\u00e1n sujetos a este reglamento en su totalidad.<\/p>\n\n\n\n<p><strong>ART\u00cdCULO 18.- <\/strong>Queda prohibido arrojar desechos de sustancias al drenaje o por cualquier otro medio sin autorizaci\u00f3n. Los manuales de pr\u00e1cticas correspondientes deber\u00e1n incluir la forma correcta de desechar los residuos.<\/p>\n\n\n\n<p><strong>ART\u00cdCULO 19.- <\/strong>Para transferir l\u00edquidos con pipetas, deber\u00e1 utilizarse la llenadora correspondiente. Queda prohibido pipetear con la boca.<\/p>\n\n\n\n<p><strong>ART\u00cdCULO 20.- <\/strong>Al finalizar las actividades en el laboratorio, deber\u00e1n verificar que queden cerradas las llaves de gas y agua. En caso de requerir que alg\u00fan equipo trabaje de manera continua, deber\u00e1 dejarse en el interior y en el exterior del laboratorio correspondiente de forma claramente visible y legible, la informaci\u00f3n acerca del tipo de reacci\u00f3n proceso en desarrollo, las posibles fuentes de problema, la manera de controlar los eventuales accidentes y la forma de localizar al responsable del equipo.<\/p>\n\n\n\n<p><strong>ART\u00cdCULO 21.- <\/strong>Cuando se trabaje con sustancias t\u00f3xicas, nunca deber\u00e1n tomarse frascos por la tapa o el asa lateral, siempre deber\u00e1n tomarse con ambas manos, una en la base y otra en la parte media. Adem\u00e1s se deber\u00e1 trabajar en el \u00e1rea con sistema de extracci\u00f3n y equipo de protecci\u00f3n personal.<\/p>\n\n\n\n<p><strong>ART\u00cdCULO 22.- <\/strong>En cada laboratorio deber\u00e1 existir, de manera clara, visible y legible la informaci\u00f3n acerca de los tel\u00e9fonos de emergencia a los cuales llamar en caso de requerir.<\/p>\n\n\n\n<p><strong><span style=\"text-decoration:underline;\">CAP\u00cdTULO III<\/span><\/strong><\/p>\n\n\n\n<p><strong>CUMPLIMIENTOS Y SANCIONES DEL PRESENTE REGLAMENTO<\/strong><\/p>\n\n\n\n<p><strong>ART\u00cdCULO 23.- <\/strong>Todas aquellas situaciones que no est\u00e9n espec\u00edficamente se\u00f1aladas en el presente Reglamento deber\u00e1n ser resueltas por el encargado correspondiente.<\/p>\n\n\n\n<p><strong>ART\u00cdCULO 24.- <\/strong>El cumplimiento del presente Reglamento estar\u00e1 supervisado por los responsables, el Profesor encargado de la asignatura y el T\u00e9cnico acad\u00e9mico.<\/p>\n\n\n\n<p><strong>ART\u00cdCULO 25.- <\/strong>Cualquier alteraci\u00f3n a las condiciones de seguridad o en el cumplimiento del presente reglamento deber\u00e1 ser informado al responsable correspondiente.<\/p>\n\n\n\n<p><strong>ART\u00cdCULO 26.- <\/strong>Las personas a quienes se sorprenda haciendo mal uso de equipos, materiales e instalaciones propias de los laboratorios, o de las se\u00f1alizaciones instaladas de seguridad, ser\u00e1n sancionadas conforme a la Reglamentaci\u00f3n Institucional vigente, seg\u00fan la gravedad de la falta cometida.<\/p>\n\n\n\n<p><\/p>\n","protected":false},"excerpt":{"rendered":"<p>CAP\u00cdTULO I DISPOSICIONES GENERALES ART\u00cdCULO 1.- El presente Reglamento es aplicable en todos aquellos lugares en donde se realice trabajo experimental, sea de docencia o de investigaci\u00f3n.\u00a0\u00a0Estos sitios, para efectos del presente Reglamento, ser\u00e1n denominados laboratorios. Se considerar\u00e1n tambi\u00e9n como &hellip; <a href=\"https:\/\/santacatalina.edu.ar\/laboratorio\/reglamento\/\">Sigue leyendo <span class=\"meta-nav\">&rarr;<\/span><\/a><\/p>\n","protected":false},"author":3,"featured_media":0,"parent":0,"menu_order":0,"comment_status":"closed","ping_status":"closed","template":"","meta":{"footnotes":""},"class_list":["post-30","page","type-page","status-publish","hentry"],"_links":{"self":[{"href":"https:\/\/santacatalina.edu.ar\/laboratorio\/wp-json\/wp\/v2\/pages\/30","targetHints":{"allow":["GET"]}}],"collection":[{"href":"https:\/\/santacatalina.edu.ar\/laboratorio\/wp-json\/wp\/v2\/pages"}],"about":[{"href":"https:\/\/santacatalina.edu.ar\/laboratorio\/wp-json\/wp\/v2\/types\/page"}],"author":[{"embeddable":true,"href":"https:\/\/santacatalina.edu.ar\/laboratorio\/wp-json\/wp\/v2\/users\/3"}],"replies":[{"embeddable":true,"href":"https:\/\/santacatalina.edu.ar\/laboratorio\/wp-json\/wp\/v2\/comments?post=30"}],"version-history":[{"count":0,"href":"https:\/\/santacatalina.edu.ar\/laboratorio\/wp-json\/wp\/v2\/pages\/30\/revisions"}],"wp:attachment":[{"href":"https:\/\/santacatalina.edu.ar\/laboratorio\/wp-json\/wp\/v2\/media?parent=30"}],"curies":[{"name":"wp","href":"https:\/\/api.w.org\/{rel}","templated":true}]}}