{"id":668,"date":"2022-09-01T20:36:23","date_gmt":"2022-09-01T23:36:23","guid":{"rendered":"https:\/\/santacatalina.edu.ar\/biblioteca\/?page_id=668"},"modified":"2023-02-24T20:54:01","modified_gmt":"2023-02-24T23:54:01","slug":"administracion-segundo-ano-2021","status":"publish","type":"page","link":"https:\/\/santacatalina.edu.ar\/biblioteca\/administracion-segundo-ano-2021\/","title":{"rendered":"Administraci\u00f3n | Segundo A\u00f1o | 2021"},"content":{"rendered":"\n<p class=\"has-medium-font-size\"><a href=\"https:\/\/santacatalina.edu.ar\/biblioteca\/wp-content\/uploads\/2023\/02\/1.-SEMINARIO-II.pdf\" target=\"_blank\" rel=\"noreferrer noopener\">Seminario Optativo II: Gesti\u00f3n de Calidad, Desarrollo Emprendedor, Management, Historia Econ\u00f3mica, EDI<\/a><\/p>\n\n\n\n<p class=\"has-medium-font-size\"><a href=\"https:\/\/santacatalina.edu.ar\/biblioteca\/wp-content\/uploads\/2023\/02\/2.-METODOLOGIA-DE-LA-INVESTIGACION.pdf\" target=\"_blank\" rel=\"noreferrer noopener\">Metodolog\u00eda de la Investigaci\u00f3n<\/a><\/p>\n\n\n\n<p class=\"has-medium-font-size\"><a href=\"https:\/\/santacatalina.edu.ar\/biblioteca\/wp-content\/uploads\/2023\/02\/3.-MARKETING.pdf\" target=\"_blank\" rel=\"noreferrer noopener\">Marketing<\/a><\/p>\n\n\n\n<p class=\"has-medium-font-size\"><a href=\"https:\/\/santacatalina.edu.ar\/biblioteca\/wp-content\/uploads\/2023\/02\/4.-INFORMATICA-APLICADA.pdf\" target=\"_blank\" rel=\"noreferrer noopener\">Inform\u00e1tica Aplicada<\/a><\/p>\n\n\n\n<p class=\"has-medium-font-size\"><a href=\"https:\/\/santacatalina.edu.ar\/biblioteca\/wp-content\/uploads\/2023\/02\/5.-CALCULO-FINANCIERO-Y-ESTADISTICA.pdf\" target=\"_blank\" rel=\"noreferrer noopener\">C\u00e1lculo Financiero y Estad\u00edstica<\/a><\/p>\n\n\n\n<p class=\"has-medium-font-size\"><a href=\"https:\/\/santacatalina.edu.ar\/biblioteca\/wp-content\/uploads\/2023\/02\/6.-ADMINISTRACION-ESTRATEGICA.pdf\" target=\"_blank\" rel=\"noreferrer noopener\">Administraci\u00f3n Estrat\u00e9gica<\/a><\/p>\n\n\n\n<p class=\"has-medium-font-size\"><a href=\"https:\/\/santacatalina.edu.ar\/biblioteca\/wp-content\/uploads\/2023\/02\/7.-CONTABILIDAD-DE-GESTION.pdf\" target=\"_blank\" rel=\"noreferrer noopener\">Contabilidad de Gesti\u00f3n<\/a><\/p>\n\n\n\n<p class=\"has-medium-font-size\"><a href=\"https:\/\/santacatalina.edu.ar\/biblioteca\/wp-content\/uploads\/2023\/02\/8.-IMPUESTOS.pdf\" target=\"_blank\" rel=\"noreferrer noopener\">Impuestos<\/a><\/p>\n\n\n\n<p class=\"has-medium-font-size\"><a href=\"https:\/\/santacatalina.edu.ar\/biblioteca\/wp-content\/uploads\/2023\/02\/9.-PRACTICA-PROFESIONAL-II.pdf\" target=\"_blank\" rel=\"noreferrer noopener\">Pr\u00e1ctica Profesional II<\/a><\/p>\n","protected":false},"excerpt":{"rendered":"<p>Seminario Optativo II: Gesti\u00f3n de Calidad, Desarrollo Emprendedor, Management, Historia Econ\u00f3mica, EDI Metodolog\u00eda de la Investigaci\u00f3n Marketing Inform\u00e1tica Aplicada C\u00e1lculo<\/p>\n","protected":false},"author":2,"featured_media":0,"parent":0,"menu_order":0,"comment_status":"closed","ping_status":"closed","template":"","meta":[],"_links":{"self":[{"href":"https:\/\/santacatalina.edu.ar\/biblioteca\/wp-json\/wp\/v2\/pages\/668"}],"collection":[{"href":"https:\/\/santacatalina.edu.ar\/biblioteca\/wp-json\/wp\/v2\/pages"}],"about":[{"href":"https:\/\/santacatalina.edu.ar\/biblioteca\/wp-json\/wp\/v2\/types\/page"}],"author":[{"embeddable":true,"href":"https:\/\/santacatalina.edu.ar\/biblioteca\/wp-json\/wp\/v2\/users\/2"}],"replies":[{"embeddable":true,"href":"https:\/\/santacatalina.edu.ar\/biblioteca\/wp-json\/wp\/v2\/comments?post=668"}],"version-history":[{"count":5,"href":"https:\/\/santacatalina.edu.ar\/biblioteca\/wp-json\/wp\/v2\/pages\/668\/revisions"}],"predecessor-version":[{"id":879,"href":"https:\/\/santacatalina.edu.ar\/biblioteca\/wp-json\/wp\/v2\/pages\/668\/revisions\/879"}],"wp:attachment":[{"href":"https:\/\/santacatalina.edu.ar\/biblioteca\/wp-json\/wp\/v2\/media?parent=668"}],"curies":[{"name":"wp","href":"https:\/\/api.w.org\/{rel}","templated":true}]}}