{"id":665,"date":"2022-09-01T20:36:00","date_gmt":"2022-09-01T23:36:00","guid":{"rendered":"https:\/\/santacatalina.edu.ar\/biblioteca\/?page_id=665"},"modified":"2023-03-03T21:40:17","modified_gmt":"2023-03-04T00:40:17","slug":"administracion-primer-ano-2021","status":"publish","type":"page","link":"https:\/\/santacatalina.edu.ar\/biblioteca\/administracion-primer-ano-2021\/","title":{"rendered":"Administraci\u00f3n | Primer A\u00f1o | 2021"},"content":{"rendered":"\n<p class=\"has-medium-font-size\"><a href=\"https:\/\/santacatalina.edu.ar\/biblioteca\/wp-content\/uploads\/2022\/12\/1.-INGLES.pdf\" target=\"_blank\" rel=\"noreferrer noopener\">Ingl\u00e9s<\/a><\/p>\n\n\n\n<p class=\"has-medium-font-size\"><a href=\"https:\/\/santacatalina.edu.ar\/biblioteca\/wp-content\/uploads\/2022\/12\/2.-INFORMATICA.pdf\" target=\"_blank\" rel=\"noreferrer noopener\">Inform\u00e1tica<\/a><\/p>\n\n\n\n<p class=\"has-medium-font-size\"><a href=\"https:\/\/santacatalina.edu.ar\/biblioteca\/wp-content\/uploads\/2022\/12\/3.-TALLER-DE-COMUNICACION.pdf\" target=\"_blank\" rel=\"noreferrer noopener\">Taller de Comunicaci\u00f3n<\/a><\/p>\n\n\n\n<p class=\"has-medium-font-size\"><a href=\"https:\/\/santacatalina.edu.ar\/biblioteca\/wp-content\/uploads\/2022\/12\/4.-SEMINARIO-I.pdf\" target=\"_blank\" rel=\"noreferrer noopener\">Seminario I: Econom\u00eda Social &#8211; RRPP &#8211; Comunicaci\u00f3n Organizacional<\/a><\/p>\n\n\n\n<p class=\"has-medium-font-size\"><a href=\"https:\/\/santacatalina.edu.ar\/biblioteca\/wp-content\/uploads\/2022\/12\/5.-CONTABILIDAD-GENERAL.pdf\" target=\"_blank\" rel=\"noreferrer noopener\">Contabilidad General<\/a><\/p>\n\n\n\n<p class=\"has-medium-font-size\"><a href=\"https:\/\/santacatalina.edu.ar\/biblioteca\/wp-content\/uploads\/2023\/03\/6.-DERECHO-CIVIL-Y-COMERCIAL.pdf\">Derecho Civil y Comercial<\/a><\/p>\n\n\n\n<p class=\"has-medium-font-size\"><a href=\"https:\/\/santacatalina.edu.ar\/biblioteca\/wp-content\/uploads\/2022\/12\/7.-ECONOMIA.pdf\" target=\"_blank\" rel=\"noreferrer noopener\">Econom\u00eda<\/a><\/p>\n\n\n\n<p class=\"has-medium-font-size\"><a href=\"https:\/\/santacatalina.edu.ar\/biblioteca\/wp-content\/uploads\/2022\/12\/8.-ADMINISTRACION-GESTION-Y-COMPORTAMIENTO-ORGANIZACIONAL.pdf\" target=\"_blank\" rel=\"noreferrer noopener\">Administraci\u00f3n, Gesti\u00f3n y Comportamiento Organizacional<\/a><\/p>\n\n\n\n<p class=\"has-medium-font-size\">Administraci\u00f3n de Recursos Humanos<\/p>\n\n\n\n<p class=\"has-medium-font-size\"><a href=\"https:\/\/santacatalina.edu.ar\/biblioteca\/wp-content\/uploads\/2023\/03\/10.-INTRODUCCION-A-LA-PRACTICA-PROFESIONAL-I.pdf\" target=\"_blank\" rel=\"noreferrer noopener\">Introducci\u00f3n a la Pr\u00e1ctica Profesional I<\/a><\/p>\n","protected":false},"excerpt":{"rendered":"<p>Ingl\u00e9s Inform\u00e1tica Taller de Comunicaci\u00f3n Seminario I: Econom\u00eda Social &#8211; RRPP &#8211; Comunicaci\u00f3n Organizacional Contabilidad General Derecho Civil y Comercial<\/p>\n","protected":false},"author":2,"featured_media":0,"parent":0,"menu_order":0,"comment_status":"closed","ping_status":"closed","template":"","meta":[],"_links":{"self":[{"href":"https:\/\/santacatalina.edu.ar\/biblioteca\/wp-json\/wp\/v2\/pages\/665"}],"collection":[{"href":"https:\/\/santacatalina.edu.ar\/biblioteca\/wp-json\/wp\/v2\/pages"}],"about":[{"href":"https:\/\/santacatalina.edu.ar\/biblioteca\/wp-json\/wp\/v2\/types\/page"}],"author":[{"embeddable":true,"href":"https:\/\/santacatalina.edu.ar\/biblioteca\/wp-json\/wp\/v2\/users\/2"}],"replies":[{"embeddable":true,"href":"https:\/\/santacatalina.edu.ar\/biblioteca\/wp-json\/wp\/v2\/comments?post=665"}],"version-history":[{"count":6,"href":"https:\/\/santacatalina.edu.ar\/biblioteca\/wp-json\/wp\/v2\/pages\/665\/revisions"}],"predecessor-version":[{"id":903,"href":"https:\/\/santacatalina.edu.ar\/biblioteca\/wp-json\/wp\/v2\/pages\/665\/revisions\/903"}],"wp:attachment":[{"href":"https:\/\/santacatalina.edu.ar\/biblioteca\/wp-json\/wp\/v2\/media?parent=665"}],"curies":[{"name":"wp","href":"https:\/\/api.w.org\/{rel}","templated":true}]}}