{"id":662,"date":"2022-09-01T20:35:36","date_gmt":"2022-09-01T23:35:36","guid":{"rendered":"https:\/\/santacatalina.edu.ar\/biblioteca\/?page_id=662"},"modified":"2022-11-23T20:56:30","modified_gmt":"2022-11-23T23:56:30","slug":"administracion-tercer-ano-2022","status":"publish","type":"page","link":"https:\/\/santacatalina.edu.ar\/biblioteca\/administracion-tercer-ano-2022\/","title":{"rendered":"Administraci\u00f3n | Tercer A\u00f1o | 2022"},"content":{"rendered":"\n<p class=\"has-medium-font-size\">\u00c9tica y Responsabilidad Social<\/p>\n\n\n\n<p class=\"has-medium-font-size\"><a href=\"https:\/\/santacatalina.edu.ar\/biblioteca\/wp-content\/uploads\/2022\/11\/PE-Sociologia-de-las-Organizaciones.pdf\" data-type=\"URL\" data-id=\"https:\/\/santacatalina.edu.ar\/biblioteca\/wp-content\/uploads\/2022\/11\/PE-Sociologia-de-las-Organizaciones.pdf\" target=\"_blank\" rel=\"noreferrer noopener\">Sociolog\u00eda de las Organizaciones<\/a><\/p>\n\n\n\n<p class=\"has-medium-font-size\"><a href=\"https:\/\/santacatalina.edu.ar\/biblioteca\/wp-content\/uploads\/2022\/11\/PE-Seminario-III-2022.pdf\" data-type=\"URL\" data-id=\"https:\/\/santacatalina.edu.ar\/biblioteca\/wp-content\/uploads\/2022\/11\/PE-Seminario-III-2022.pdf\" target=\"_blank\" rel=\"noreferrer noopener\">Seminario Optativo III: Valores Humanos, Inteligencia emocional, Trabajo en equipo, Econom\u00eda Ambiental<\/a><\/p>\n\n\n\n<p class=\"has-medium-font-size\">Derecho Laboral<\/p>\n\n\n\n<p class=\"has-medium-font-size\"><a href=\"https:\/\/santacatalina.edu.ar\/biblioteca\/wp-content\/uploads\/2022\/11\/PE-Formulacion-y-Evaluacion-de-Proyectos.pdf\" data-type=\"URL\" data-id=\"https:\/\/santacatalina.edu.ar\/biblioteca\/wp-content\/uploads\/2022\/11\/PE-Formulacion-y-Evaluacion-de-Proyectos.pdf\" target=\"_blank\" rel=\"noreferrer noopener\">Formulaci\u00f3n y Evaluaci\u00f3n de Proyectos<\/a><\/p>\n\n\n\n<p class=\"has-medium-font-size\"><a href=\"https:\/\/santacatalina.edu.ar\/biblioteca\/wp-content\/uploads\/2022\/11\/PE-Administracion-y-Gestion-de-la-Produccion-2022.pdf\" data-type=\"URL\" data-id=\"https:\/\/santacatalina.edu.ar\/biblioteca\/wp-content\/uploads\/2022\/11\/PE-Administracion-y-Gestion-de-la-Produccion-2022.pdf\" target=\"_blank\" rel=\"noreferrer noopener\">Administraci\u00f3n y Gesti\u00f3n de la Producci\u00f3n<\/a><\/p>\n\n\n\n<p class=\"has-medium-font-size\"><a href=\"https:\/\/santacatalina.edu.ar\/biblioteca\/wp-content\/uploads\/2022\/11\/PE-Administracion-Financiera-2022.pdf\" data-type=\"URL\" data-id=\"https:\/\/santacatalina.edu.ar\/biblioteca\/wp-content\/uploads\/2022\/11\/PE-Administracion-Financiera-2022.pdf\" target=\"_blank\" rel=\"noreferrer noopener\">Administraci\u00f3n Financiera<\/a><\/p>\n\n\n\n<p class=\"has-medium-font-size\"><a href=\"https:\/\/santacatalina.edu.ar\/biblioteca\/wp-content\/uploads\/2022\/11\/PE-Taller-de-Registracion-de-las-Remuneraciones.pdf\" data-type=\"URL\" data-id=\"https:\/\/santacatalina.edu.ar\/biblioteca\/wp-content\/uploads\/2022\/11\/PE-Taller-de-Registracion-de-las-Remuneraciones.pdf\" target=\"_blank\" rel=\"noreferrer noopener\">Taller de Liquidaci\u00f3n y Registraci\u00f3n de la Remuneraciones<\/a><\/p>\n\n\n\n<p class=\"has-medium-font-size\"><a href=\"https:\/\/santacatalina.edu.ar\/biblioteca\/wp-content\/uploads\/2022\/11\/PE-Practica-Profesional-III-2022.pdf\" data-type=\"URL\" data-id=\"https:\/\/santacatalina.edu.ar\/biblioteca\/wp-content\/uploads\/2022\/11\/PE-Practica-Profesional-III-2022.pdf\" target=\"_blank\" rel=\"noreferrer noopener\">Pr\u00e1ctica Profesional III<\/a><\/p>\n","protected":false},"excerpt":{"rendered":"<p>\u00c9tica y Responsabilidad Social Sociolog\u00eda de las Organizaciones Seminario Optativo III: Valores Humanos, Inteligencia emocional, Trabajo en equipo, Econom\u00eda Ambiental<\/p>\n","protected":false},"author":2,"featured_media":0,"parent":0,"menu_order":0,"comment_status":"closed","ping_status":"closed","template":"","meta":[],"_links":{"self":[{"href":"https:\/\/santacatalina.edu.ar\/biblioteca\/wp-json\/wp\/v2\/pages\/662"}],"collection":[{"href":"https:\/\/santacatalina.edu.ar\/biblioteca\/wp-json\/wp\/v2\/pages"}],"about":[{"href":"https:\/\/santacatalina.edu.ar\/biblioteca\/wp-json\/wp\/v2\/types\/page"}],"author":[{"embeddable":true,"href":"https:\/\/santacatalina.edu.ar\/biblioteca\/wp-json\/wp\/v2\/users\/2"}],"replies":[{"embeddable":true,"href":"https:\/\/santacatalina.edu.ar\/biblioteca\/wp-json\/wp\/v2\/comments?post=662"}],"version-history":[{"count":4,"href":"https:\/\/santacatalina.edu.ar\/biblioteca\/wp-json\/wp\/v2\/pages\/662\/revisions"}],"predecessor-version":[{"id":884,"href":"https:\/\/santacatalina.edu.ar\/biblioteca\/wp-json\/wp\/v2\/pages\/662\/revisions\/884"}],"wp:attachment":[{"href":"https:\/\/santacatalina.edu.ar\/biblioteca\/wp-json\/wp\/v2\/media?parent=662"}],"curies":[{"name":"wp","href":"https:\/\/api.w.org\/{rel}","templated":true}]}}