{"id":656,"date":"2022-09-01T20:34:53","date_gmt":"2022-09-01T23:34:53","guid":{"rendered":"https:\/\/santacatalina.edu.ar\/biblioteca\/?page_id=656"},"modified":"2022-11-23T20:50:02","modified_gmt":"2022-11-23T23:50:02","slug":"administracion-primer-ano-2022","status":"publish","type":"page","link":"https:\/\/santacatalina.edu.ar\/biblioteca\/administracion-primer-ano-2022\/","title":{"rendered":"Administraci\u00f3n | Primer A\u00f1o | 2022"},"content":{"rendered":"\n<p class=\"has-medium-font-size\"><a href=\"https:\/\/santacatalina.edu.ar\/biblioteca\/wp-content\/uploads\/2022\/11\/PE-Ingles-2022.pdf\" data-type=\"URL\" data-id=\"https:\/\/santacatalina.edu.ar\/biblioteca\/wp-content\/uploads\/2022\/11\/PE-Ingles-2022.pdf\" target=\"_blank\" rel=\"noreferrer noopener\">Ingl\u00e9s<\/a><\/p>\n\n\n\n<p class=\"has-medium-font-size\"><a href=\"https:\/\/santacatalina.edu.ar\/biblioteca\/wp-content\/uploads\/2022\/11\/PE-Informatica-2022.pdf\" data-type=\"URL\" data-id=\"https:\/\/santacatalina.edu.ar\/biblioteca\/wp-content\/uploads\/2022\/11\/PE-Informatica-2022.pdf\" target=\"_blank\" rel=\"noreferrer noopener\">Inform\u00e1tica<\/a><\/p>\n\n\n\n<p class=\"has-medium-font-size\"><a href=\"https:\/\/santacatalina.edu.ar\/biblioteca\/wp-content\/uploads\/2022\/11\/PE-Taller-de-Comunicacion-2022.pdf\" data-type=\"URL\" data-id=\"https:\/\/santacatalina.edu.ar\/biblioteca\/wp-content\/uploads\/2022\/11\/PE-Taller-de-Comunicacion-2022.pdf\" target=\"_blank\" rel=\"noreferrer noopener\">Taller de Comunicaci\u00f3n<\/a><\/p>\n\n\n\n<p class=\"has-medium-font-size\"><a href=\"https:\/\/santacatalina.edu.ar\/biblioteca\/wp-content\/uploads\/2022\/11\/PE-Seminario-I-2022.pdf\" data-type=\"URL\" data-id=\"https:\/\/santacatalina.edu.ar\/biblioteca\/wp-content\/uploads\/2022\/11\/PE-Seminario-I-2022.pdf\" target=\"_blank\" rel=\"noreferrer noopener\">Seminario I: Econom\u00eda Social &#8211; RRPP &#8211; Comunicaci\u00f3n Organizacional<\/a><\/p>\n\n\n\n<p class=\"has-medium-font-size\"><a href=\"https:\/\/santacatalina.edu.ar\/biblioteca\/wp-content\/uploads\/2022\/11\/PE-Contabilidad-General-2022.pdf\" data-type=\"URL\" data-id=\"https:\/\/santacatalina.edu.ar\/biblioteca\/wp-content\/uploads\/2022\/11\/PE-Contabilidad-General-2022.pdf\" target=\"_blank\" rel=\"noreferrer noopener\">Contabilidad General<\/a><\/p>\n\n\n\n<p class=\"has-medium-font-size\"><a href=\"https:\/\/santacatalina.edu.ar\/biblioteca\/wp-content\/uploads\/2022\/11\/PE-Derecho-Civil-y-Comercial-2022.pdf\" data-type=\"URL\" data-id=\"https:\/\/santacatalina.edu.ar\/biblioteca\/wp-content\/uploads\/2022\/11\/PE-Derecho-Civil-y-Comercial-2022.pdf\" target=\"_blank\" rel=\"noreferrer noopener\">Derecho Civil y Comercial<\/a><\/p>\n\n\n\n<p class=\"has-medium-font-size\"><a href=\"https:\/\/santacatalina.edu.ar\/biblioteca\/wp-content\/uploads\/2022\/11\/PE-Economia-2022.pdf\" data-type=\"URL\" data-id=\"https:\/\/santacatalina.edu.ar\/biblioteca\/wp-content\/uploads\/2022\/11\/PE-Economia-2022.pdf\" target=\"_blank\" rel=\"noreferrer noopener\">Econom\u00eda<\/a><\/p>\n\n\n\n<p class=\"has-medium-font-size\"><a href=\"https:\/\/santacatalina.edu.ar\/biblioteca\/wp-content\/uploads\/2022\/11\/PE-Administracion-Gestion-y-Comportamiento-Organizacional-2022.pdf\" data-type=\"URL\" data-id=\"https:\/\/santacatalina.edu.ar\/biblioteca\/wp-content\/uploads\/2022\/11\/PE-Administracion-Gestion-y-Comportamiento-Organizacional-2022.pdf\">Administraci\u00f3n y Gesti\u00f3n de Comportamiento Organizacional<\/a><\/p>\n\n\n\n<p class=\"has-medium-font-size\">Administraci\u00f3n de Recursos Humanos<\/p>\n\n\n\n<p class=\"has-medium-font-size\"><a href=\"https:\/\/santacatalina.edu.ar\/biblioteca\/wp-content\/uploads\/2022\/11\/PE-Introduccion-a-la-Practica-Profesional-2022.pdf\" data-type=\"URL\" data-id=\"https:\/\/santacatalina.edu.ar\/biblioteca\/wp-content\/uploads\/2022\/11\/PE-Introduccion-a-la-Practica-Profesional-2022.pdf\" target=\"_blank\" rel=\"noreferrer noopener\">Introducci\u00f3n a la Pr\u00e1ctica Profesional I<\/a><\/p>\n","protected":false},"excerpt":{"rendered":"<p>Ingl\u00e9s Inform\u00e1tica Taller de Comunicaci\u00f3n Seminario I: Econom\u00eda Social &#8211; RRPP &#8211; Comunicaci\u00f3n Organizacional Contabilidad General Derecho Civil y Comercial<\/p>\n","protected":false},"author":2,"featured_media":0,"parent":0,"menu_order":0,"comment_status":"closed","ping_status":"closed","template":"","meta":[],"_links":{"self":[{"href":"https:\/\/santacatalina.edu.ar\/biblioteca\/wp-json\/wp\/v2\/pages\/656"}],"collection":[{"href":"https:\/\/santacatalina.edu.ar\/biblioteca\/wp-json\/wp\/v2\/pages"}],"about":[{"href":"https:\/\/santacatalina.edu.ar\/biblioteca\/wp-json\/wp\/v2\/types\/page"}],"author":[{"embeddable":true,"href":"https:\/\/santacatalina.edu.ar\/biblioteca\/wp-json\/wp\/v2\/users\/2"}],"replies":[{"embeddable":true,"href":"https:\/\/santacatalina.edu.ar\/biblioteca\/wp-json\/wp\/v2\/comments?post=656"}],"version-history":[{"count":5,"href":"https:\/\/santacatalina.edu.ar\/biblioteca\/wp-json\/wp\/v2\/pages\/656\/revisions"}],"predecessor-version":[{"id":814,"href":"https:\/\/santacatalina.edu.ar\/biblioteca\/wp-json\/wp\/v2\/pages\/656\/revisions\/814"}],"wp:attachment":[{"href":"https:\/\/santacatalina.edu.ar\/biblioteca\/wp-json\/wp\/v2\/media?parent=656"}],"curies":[{"name":"wp","href":"https:\/\/api.w.org\/{rel}","templated":true}]}}