{"id":632,"date":"2022-09-01T20:26:34","date_gmt":"2022-09-01T23:26:34","guid":{"rendered":"https:\/\/santacatalina.edu.ar\/biblioteca\/?page_id=632"},"modified":"2022-11-23T19:35:47","modified_gmt":"2022-11-23T22:35:47","slug":"laboratorio-segundo-ano-2021","status":"publish","type":"page","link":"https:\/\/santacatalina.edu.ar\/biblioteca\/laboratorio-segundo-ano-2021\/","title":{"rendered":"Laboratorio | Segundo A\u00f1o | 2021"},"content":{"rendered":"\n<p class=\"has-medium-font-size\"><a href=\"https:\/\/santacatalina.edu.ar\/biblioteca\/wp-content\/uploads\/2022\/09\/1.-HIGIENE-Y-SEGURIDAD-LABORAL.pdf\" target=\"_blank\" rel=\"noreferrer noopener\">Higiene y Seguridad Laboral<\/a><\/p>\n\n\n\n<p class=\"has-medium-font-size\"><a href=\"https:\/\/santacatalina.edu.ar\/biblioteca\/wp-content\/uploads\/2022\/09\/2.-TIC-INFORMATICA.pdf\" target=\"_blank\" rel=\"noreferrer noopener\">TIC (Inform\u00e1tica)<\/a><\/p>\n\n\n\n<p class=\"has-medium-font-size\"><a href=\"https:\/\/santacatalina.edu.ar\/biblioteca\/wp-content\/uploads\/2022\/09\/3.-BIOQUIMICA.pdf\" target=\"_blank\" rel=\"noreferrer noopener\">Bioqu\u00edmica<\/a><\/p>\n\n\n\n<p class=\"has-medium-font-size\"><a href=\"https:\/\/santacatalina.edu.ar\/biblioteca\/wp-content\/uploads\/2022\/09\/4.-LABORATORIO-DE-ANALISIS-FUNDAMENTAL-_.pdf\" target=\"_blank\" rel=\"noreferrer noopener\">Laboratorio de An\u00e1lisis Fundamental<\/a><\/p>\n\n\n\n<p class=\"has-medium-font-size\"><a href=\"https:\/\/santacatalina.edu.ar\/biblioteca\/wp-content\/uploads\/2022\/09\/5.-ESTADISTICA_.pdf\" target=\"_blank\" rel=\"noreferrer noopener\">Estad\u00edstica<\/a><\/p>\n\n\n\n<p class=\"has-medium-font-size\"><a href=\"https:\/\/santacatalina.edu.ar\/biblioteca\/wp-content\/uploads\/2022\/09\/6.-INTRODUCCION-A-LA-INVESTIGACION.pdf\" target=\"_blank\" rel=\"noreferrer noopener\">Introducci\u00f3n a la Investigaci\u00f3n<\/a><\/p>\n\n\n\n<p class=\"has-medium-font-size\"><a href=\"https:\/\/santacatalina.edu.ar\/biblioteca\/wp-content\/uploads\/2022\/09\/7.-BROMATOLOGIA.pdf\" target=\"_blank\" rel=\"noreferrer noopener\">Bromatolog\u00eda<\/a><\/p>\n\n\n\n<p class=\"has-medium-font-size\"><a href=\"https:\/\/santacatalina.edu.ar\/biblioteca\/wp-content\/uploads\/2022\/09\/8.-FISIOLOGIA-HUMANA_.pdf\" target=\"_blank\" rel=\"noreferrer noopener\">Fisiolog\u00eda Humana<\/a><\/p>\n\n\n\n<p class=\"has-medium-font-size\"><a href=\"https:\/\/santacatalina.edu.ar\/biblioteca\/wp-content\/uploads\/2022\/09\/9.-MICROBIOLOGIA-I.pdf\" target=\"_blank\" rel=\"noreferrer noopener\">Microbiolog\u00eda I<\/a><\/p>\n\n\n\n<p class=\"has-medium-font-size\"><a href=\"https:\/\/santacatalina.edu.ar\/biblioteca\/wp-content\/uploads\/2022\/09\/10.-PRACTICAS-DE-LABORATORIO-I-AMBIENTE-ALIMENTOS.pdf\" target=\"_blank\" rel=\"noreferrer noopener\">Pr\u00e1ctica de Laboratorio I<\/a><\/p>\n\n\n\n<p class=\"has-medium-font-size\"><a href=\"https:\/\/santacatalina.edu.ar\/biblioteca\/wp-content\/uploads\/2022\/09\/11.-SEMINARIO-II.pdf\" target=\"_blank\" rel=\"noreferrer noopener\">Seminario II<\/a><\/p>\n","protected":false},"excerpt":{"rendered":"<p>Higiene y Seguridad Laboral TIC (Inform\u00e1tica) Bioqu\u00edmica Laboratorio de An\u00e1lisis Fundamental Estad\u00edstica Introducci\u00f3n a la Investigaci\u00f3n Bromatolog\u00eda Fisiolog\u00eda Humana Microbiolog\u00eda<\/p>\n","protected":false},"author":2,"featured_media":0,"parent":0,"menu_order":0,"comment_status":"closed","ping_status":"closed","template":"","meta":[],"_links":{"self":[{"href":"https:\/\/santacatalina.edu.ar\/biblioteca\/wp-json\/wp\/v2\/pages\/632"}],"collection":[{"href":"https:\/\/santacatalina.edu.ar\/biblioteca\/wp-json\/wp\/v2\/pages"}],"about":[{"href":"https:\/\/santacatalina.edu.ar\/biblioteca\/wp-json\/wp\/v2\/types\/page"}],"author":[{"embeddable":true,"href":"https:\/\/santacatalina.edu.ar\/biblioteca\/wp-json\/wp\/v2\/users\/2"}],"replies":[{"embeddable":true,"href":"https:\/\/santacatalina.edu.ar\/biblioteca\/wp-json\/wp\/v2\/comments?post=632"}],"version-history":[{"count":4,"href":"https:\/\/santacatalina.edu.ar\/biblioteca\/wp-json\/wp\/v2\/pages\/632\/revisions"}],"predecessor-version":[{"id":812,"href":"https:\/\/santacatalina.edu.ar\/biblioteca\/wp-json\/wp\/v2\/pages\/632\/revisions\/812"}],"wp:attachment":[{"href":"https:\/\/santacatalina.edu.ar\/biblioteca\/wp-json\/wp\/v2\/media?parent=632"}],"curies":[{"name":"wp","href":"https:\/\/api.w.org\/{rel}","templated":true}]}}