{"id":629,"date":"2022-09-01T20:26:13","date_gmt":"2022-09-01T23:26:13","guid":{"rendered":"https:\/\/santacatalina.edu.ar\/biblioteca\/?page_id=629"},"modified":"2022-11-23T19:34:47","modified_gmt":"2022-11-23T22:34:47","slug":"laboratorio-primer-ano-2021","status":"publish","type":"page","link":"https:\/\/santacatalina.edu.ar\/biblioteca\/laboratorio-primer-ano-2021\/","title":{"rendered":"Laboratorio | Primer A\u00f1o | 2021"},"content":{"rendered":"\n<p class=\"has-medium-font-size\"><a href=\"https:\/\/santacatalina.edu.ar\/biblioteca\/wp-content\/uploads\/2022\/09\/1.-ORGANIZACION-Y-GESTION-DE-LA-SALUD.pdf\" target=\"_blank\" rel=\"noreferrer noopener\">Organizaci\u00f3n y Gesti\u00f3n de la Salud<\/a><\/p>\n\n\n\n<p class=\"has-medium-font-size\"><a href=\"https:\/\/santacatalina.edu.ar\/biblioteca\/wp-content\/uploads\/2022\/09\/2.-TALLER-DE-LECTURA-Y-ESCRITURA.pdf\" target=\"_blank\" rel=\"noreferrer noopener\">Taller de Lectura y Escritura<\/a><\/p>\n\n\n\n<p class=\"has-medium-font-size\"><a href=\"https:\/\/santacatalina.edu.ar\/biblioteca\/wp-content\/uploads\/2022\/09\/3.-QUIMICA-GENERAL.pdf\" target=\"_blank\" rel=\"noreferrer noopener\">Qu\u00edmica General<\/a><\/p>\n\n\n\n<p class=\"has-medium-font-size\"><a href=\"https:\/\/santacatalina.edu.ar\/biblioteca\/wp-content\/uploads\/2022\/09\/4.-MATEMATICA.pdf\" target=\"_blank\" rel=\"noreferrer noopener\">Matem\u00e1tica<\/a><\/p>\n\n\n\n<p class=\"has-medium-font-size\"><a href=\"https:\/\/santacatalina.edu.ar\/biblioteca\/wp-content\/uploads\/2022\/09\/5.BIOLOGIA-GENERAL-Y-CELULAR.pdf\" target=\"_blank\" rel=\"noreferrer noopener\">Biolog\u00eda General y Celular<\/a><\/p>\n\n\n\n<p class=\"has-medium-font-size\"><a href=\"https:\/\/santacatalina.edu.ar\/biblioteca\/wp-content\/uploads\/2022\/09\/6.-QUIMICA-ORGANICA.pdf\" target=\"_blank\" rel=\"noreferrer noopener\">Qu\u00edmica Org\u00e1nica<\/a><\/p>\n\n\n\n<p class=\"has-medium-font-size\"><a href=\"https:\/\/santacatalina.edu.ar\/biblioteca\/wp-content\/uploads\/2022\/09\/7.-FISICA.pdf\" target=\"_blank\" rel=\"noreferrer noopener\">F\u00edsica<\/a><\/p>\n\n\n\n<p class=\"has-medium-font-size\"><a href=\"https:\/\/santacatalina.edu.ar\/biblioteca\/wp-content\/uploads\/2022\/09\/8.-HISTOLOGIA-GENERAL.pdf\" target=\"_blank\" rel=\"noreferrer noopener\">Histolog\u00eda General<\/a><\/p>\n\n\n\n<p class=\"has-medium-font-size\"><a href=\"https:\/\/santacatalina.edu.ar\/biblioteca\/wp-content\/uploads\/2022\/09\/9.-ANATOMIA-HUMANA.pdf\" target=\"_blank\" rel=\"noreferrer noopener\">Anatom\u00eda Humana<\/a><\/p>\n\n\n\n<p class=\"has-medium-font-size\"><a href=\"https:\/\/santacatalina.edu.ar\/biblioteca\/wp-content\/uploads\/2022\/09\/10.-SEMINARIO-I.pdf\" target=\"_blank\" rel=\"noreferrer noopener\">Seminario I<\/a><\/p>\n","protected":false},"excerpt":{"rendered":"<p>Organizaci\u00f3n y Gesti\u00f3n de la Salud Taller de Lectura y Escritura Qu\u00edmica General Matem\u00e1tica Biolog\u00eda General y Celular Qu\u00edmica Org\u00e1nica<\/p>\n","protected":false},"author":2,"featured_media":0,"parent":0,"menu_order":0,"comment_status":"closed","ping_status":"closed","template":"","meta":[],"_links":{"self":[{"href":"https:\/\/santacatalina.edu.ar\/biblioteca\/wp-json\/wp\/v2\/pages\/629"}],"collection":[{"href":"https:\/\/santacatalina.edu.ar\/biblioteca\/wp-json\/wp\/v2\/pages"}],"about":[{"href":"https:\/\/santacatalina.edu.ar\/biblioteca\/wp-json\/wp\/v2\/types\/page"}],"author":[{"embeddable":true,"href":"https:\/\/santacatalina.edu.ar\/biblioteca\/wp-json\/wp\/v2\/users\/2"}],"replies":[{"embeddable":true,"href":"https:\/\/santacatalina.edu.ar\/biblioteca\/wp-json\/wp\/v2\/comments?post=629"}],"version-history":[{"count":4,"href":"https:\/\/santacatalina.edu.ar\/biblioteca\/wp-json\/wp\/v2\/pages\/629\/revisions"}],"predecessor-version":[{"id":811,"href":"https:\/\/santacatalina.edu.ar\/biblioteca\/wp-json\/wp\/v2\/pages\/629\/revisions\/811"}],"wp:attachment":[{"href":"https:\/\/santacatalina.edu.ar\/biblioteca\/wp-json\/wp\/v2\/media?parent=629"}],"curies":[{"name":"wp","href":"https:\/\/api.w.org\/{rel}","templated":true}]}}