{"id":626,"date":"2022-09-01T20:25:50","date_gmt":"2022-09-01T23:25:50","guid":{"rendered":"https:\/\/santacatalina.edu.ar\/biblioteca\/?page_id=626"},"modified":"2022-12-15T21:48:23","modified_gmt":"2022-12-16T00:48:23","slug":"laboratorio-tercer-ano-2022","status":"publish","type":"page","link":"https:\/\/santacatalina.edu.ar\/biblioteca\/laboratorio-tercer-ano-2022\/","title":{"rendered":"Laboratorio | Tercer A\u00f1o | 2022"},"content":{"rendered":"\n<p><a href=\"https:\/\/santacatalina.edu.ar\/biblioteca\/wp-content\/uploads\/2022\/09\/30PROGRAMA-PRIMEROS-AUXILIOS.pdf\" target=\"_blank\" rel=\"noreferrer noopener\">Primeros Auxilios<\/a><\/p>\n\n\n\n<p><a href=\"https:\/\/santacatalina.edu.ar\/biblioteca\/wp-content\/uploads\/2022\/09\/31PROGRAMA-INGLES.pdf\" target=\"_blank\" rel=\"noreferrer noopener\">Ingl\u00e9s<\/a><\/p>\n\n\n\n<p><a href=\"https:\/\/santacatalina.edu.ar\/biblioteca\/wp-content\/uploads\/2022\/12\/32-PROGRAMA-BIOETICA-TERCERO-A.pdf\" target=\"_blank\" rel=\"noreferrer noopener\">Bio\u00e9tica<\/a><\/p>\n\n\n\n<p><a href=\"https:\/\/santacatalina.edu.ar\/biblioteca\/wp-content\/uploads\/2022\/12\/33-PROGRAMA-DISENO-DE-PROYECTOS-DE-INTERVENCION-SOCIO-COMUNITARIO-TERCERO-A.pdf\" target=\"_blank\" rel=\"noreferrer noopener\">Dise\u00f1o de Proyectos de intervenci\u00f3n socio-comunitario<\/a><\/p>\n\n\n\n<p><a href=\"https:\/\/santacatalina.edu.ar\/biblioteca\/wp-content\/uploads\/2022\/09\/34PROGRAMA-MICROBIOLOGIA-II.pdf\" target=\"_blank\" rel=\"noreferrer noopener\">Microbiolog\u00eda II<\/a><\/p>\n\n\n\n<p><a href=\"https:\/\/santacatalina.edu.ar\/biblioteca\/wp-content\/uploads\/2022\/09\/35PROGRAMA-PRACTICA-DE-LABORATORIO-II.pdf\" target=\"_blank\" rel=\"noreferrer noopener\">Pr\u00e1ctica de Laboratorio II<\/a><\/p>\n\n\n\n<p><a href=\"https:\/\/santacatalina.edu.ar\/biblioteca\/wp-content\/uploads\/2022\/09\/36PROGRAMA-PASANTIA-ALIMENTOS-AMBIENTE.pdf\" target=\"_blank\" rel=\"noreferrer noopener\">Pasant\u00eda (Alimentos)<\/a><\/p>\n\n\n\n<p><a href=\"https:\/\/santacatalina.edu.ar\/biblioteca\/wp-content\/uploads\/2022\/09\/37PROGRAMA-PASANTIA-CLINICA.pdf\" target=\"_blank\" rel=\"noreferrer noopener\">Pasant\u00eda (Cl\u00ednica)<\/a><\/p>\n","protected":false},"excerpt":{"rendered":"<p>Primeros Auxilios Ingl\u00e9s Bio\u00e9tica Dise\u00f1o de Proyectos de intervenci\u00f3n socio-comunitario Microbiolog\u00eda II Pr\u00e1ctica de Laboratorio II Pasant\u00eda (Alimentos) Pasant\u00eda (Cl\u00ednica)<\/p>\n","protected":false},"author":2,"featured_media":0,"parent":0,"menu_order":0,"comment_status":"closed","ping_status":"closed","template":"","meta":[],"_links":{"self":[{"href":"https:\/\/santacatalina.edu.ar\/biblioteca\/wp-json\/wp\/v2\/pages\/626"}],"collection":[{"href":"https:\/\/santacatalina.edu.ar\/biblioteca\/wp-json\/wp\/v2\/pages"}],"about":[{"href":"https:\/\/santacatalina.edu.ar\/biblioteca\/wp-json\/wp\/v2\/types\/page"}],"author":[{"embeddable":true,"href":"https:\/\/santacatalina.edu.ar\/biblioteca\/wp-json\/wp\/v2\/users\/2"}],"replies":[{"embeddable":true,"href":"https:\/\/santacatalina.edu.ar\/biblioteca\/wp-json\/wp\/v2\/comments?post=626"}],"version-history":[{"count":3,"href":"https:\/\/santacatalina.edu.ar\/biblioteca\/wp-json\/wp\/v2\/pages\/626\/revisions"}],"predecessor-version":[{"id":836,"href":"https:\/\/santacatalina.edu.ar\/biblioteca\/wp-json\/wp\/v2\/pages\/626\/revisions\/836"}],"wp:attachment":[{"href":"https:\/\/santacatalina.edu.ar\/biblioteca\/wp-json\/wp\/v2\/media?parent=626"}],"curies":[{"name":"wp","href":"https:\/\/api.w.org\/{rel}","templated":true}]}}