{"id":605,"date":"2022-09-01T19:37:13","date_gmt":"2022-09-01T22:37:13","guid":{"rendered":"https:\/\/santacatalina.edu.ar\/biblioteca\/?page_id=605"},"modified":"2023-11-29T22:08:11","modified_gmt":"2023-11-30T01:08:11","slug":"programas-de-examenes","status":"publish","type":"page","link":"https:\/\/santacatalina.edu.ar\/biblioteca\/programas-de-examenes\/","title":{"rendered":"Programas de Ex\u00e1menes"},"content":{"rendered":"\n<div class=\"wp-block-columns is-layout-flex wp-container-19\">\n<div class=\"wp-block-column has-white-color has-pale-cyan-blue-background-color has-text-color has-background is-layout-flow\">\n<p class=\"has-text-align-center has-black-color has-text-color has-medium-font-size\">Tecnicatura Superior en Laboratorio Qu\u00edmico &#8211; Biol\u00f3gico Res (321\/17)<\/p>\n\n\n\n<hr class=\"wp-block-separator has-css-opacity is-style-wide\"\/>\n\n\n\n<p class=\"has-text-align-center has-black-color has-text-color has-medium-font-size\">2022<\/p>\n\n\n\n<hr class=\"wp-block-separator has-css-opacity is-style-default\"\/>\n\n\n\n<div class=\"wp-block-columns is-layout-flex wp-container-4\">\n<div class=\"wp-block-column is-layout-flow\">\n<p class=\"has-text-align-center\"><a href=\"https:\/\/santacatalina.edu.ar\/biblioteca\/laboratorio-primer-ano-2022\/\" data-type=\"page\" data-id=\"620\">Primer A\u00f1o<\/a><\/p>\n<\/div>\n\n\n\n<div class=\"wp-block-column is-layout-flow\">\n<p class=\"has-text-align-center\"><a href=\"https:\/\/santacatalina.edu.ar\/biblioteca\/labortorio-segundo-ano-2022\/\" data-type=\"page\" data-id=\"623\">Segundo A\u00f1o<\/a><\/p>\n<\/div>\n\n\n\n<div class=\"wp-block-column is-layout-flow\">\n<p class=\"has-text-align-center\"><a href=\"https:\/\/santacatalina.edu.ar\/biblioteca\/laboratorio-tercer-ano-2022\/\" data-type=\"page\" data-id=\"626\">Tercer A\u00f1o<\/a><\/p>\n<\/div>\n<\/div>\n\n\n\n<hr class=\"wp-block-separator has-css-opacity is-style-default\"\/>\n\n\n\n<p class=\"has-text-align-center has-black-color has-text-color has-medium-font-size\">2021<\/p>\n\n\n\n<div class=\"wp-block-columns is-layout-flex wp-container-8\">\n<div class=\"wp-block-column is-layout-flow\">\n<p class=\"has-text-align-center\"><a href=\"https:\/\/santacatalina.edu.ar\/biblioteca\/laboratorio-primer-ano-2021\/\" data-type=\"page\" data-id=\"629\">Primer A\u00f1o<\/a><\/p>\n<\/div>\n\n\n\n<div class=\"wp-block-column is-layout-flow\">\n<p class=\"has-text-align-center\"><a href=\"https:\/\/santacatalina.edu.ar\/biblioteca\/laboratorio-segundo-ano-2021\/\" data-type=\"page\" data-id=\"632\">Segundo A\u00f1o<\/a><\/p>\n<\/div>\n\n\n\n<div class=\"wp-block-column is-layout-flow\">\n<p class=\"has-text-align-center\"><a href=\"https:\/\/santacatalina.edu.ar\/biblioteca\/laboratorio-tercer-ano-2021\/\" data-type=\"page\" data-id=\"635\">Tercer A\u00f1o<\/a><\/p>\n<\/div>\n<\/div>\n\n\n\n<hr class=\"wp-block-separator has-css-opacity is-style-default\"\/>\n<\/div>\n\n\n\n<div class=\"wp-block-column has-light-green-cyan-background-color has-background is-layout-flow\">\n<p class=\"has-text-align-center has-medium-font-size\">Tecnicatura Superior en Administraci\u00f3n de Empresas y Gesti\u00f3n Organizacional Res (320\/17)<\/p>\n\n\n\n<hr class=\"wp-block-separator has-css-opacity is-style-wide\"\/>\n\n\n\n<p class=\"has-text-align-center has-medium-font-size\">2022<\/p>\n\n\n\n<div class=\"wp-block-columns is-layout-flex wp-container-13\">\n<div class=\"wp-block-column is-layout-flow\">\n<p class=\"has-text-align-center\"><a href=\"https:\/\/santacatalina.edu.ar\/biblioteca\/administracion-primer-ano-2022\/\" data-type=\"page\" data-id=\"656\">Primer A\u00f1o<\/a><\/p>\n<\/div>\n\n\n\n<div class=\"wp-block-column is-layout-flow\">\n<p class=\"has-text-align-center\"><a href=\"https:\/\/santacatalina.edu.ar\/biblioteca\/administracion-segundo-ano-2022\/\" data-type=\"page\" data-id=\"659\">Segundo A\u00f1o<\/a><\/p>\n<\/div>\n\n\n\n<div class=\"wp-block-column is-layout-flow\">\n<p class=\"has-text-align-center\"><a href=\"https:\/\/santacatalina.edu.ar\/biblioteca\/administracion-tercer-ano-2022\/\" data-type=\"page\" data-id=\"662\">Tercer A\u00f1o<\/a><\/p>\n<\/div>\n<\/div>\n\n\n\n<hr class=\"wp-block-separator has-css-opacity is-style-default\"\/>\n\n\n\n<p class=\"has-text-align-center has-medium-font-size\">2021<\/p>\n\n\n\n<div class=\"wp-block-columns has-vivid-green-cyan-color has-text-color is-layout-flex wp-container-17\">\n<div class=\"wp-block-column is-layout-flow\">\n<p class=\"has-text-align-center\"><a href=\"https:\/\/santacatalina.edu.ar\/biblioteca\/administracion-primer-ano-2021\/\" data-type=\"page\" data-id=\"665\">Primer A\u00f1o<\/a><\/p>\n<\/div>\n\n\n\n<div class=\"wp-block-column has-white-color has-text-color is-layout-flow\">\n<p class=\"has-text-align-center\"><a href=\"https:\/\/santacatalina.edu.ar\/biblioteca\/administracion-segundo-ano-2021\/\" data-type=\"page\" data-id=\"668\">Segundo A\u00f1o<\/a><\/p>\n<\/div>\n\n\n\n<div class=\"wp-block-column is-layout-flow\">\n<p class=\"has-text-align-center\"><a href=\"https:\/\/santacatalina.edu.ar\/biblioteca\/administracion-tercer-ano-2021\/\" data-type=\"page\" data-id=\"674\">Tercer A\u00f1o<\/a><\/p>\n<\/div>\n<\/div>\n\n\n\n<hr class=\"wp-block-separator has-css-opacity is-style-default\"\/>\n<\/div>\n<\/div>\n\n\n\n<p><\/p>\n","protected":false},"excerpt":{"rendered":"<p>Tecnicatura Superior en Laboratorio Qu\u00edmico &#8211; Biol\u00f3gico Res (321\/17) 2022 Primer A\u00f1o Segundo A\u00f1o Tercer A\u00f1o 2021 Primer A\u00f1o Segundo<\/p>\n","protected":false},"author":2,"featured_media":0,"parent":0,"menu_order":0,"comment_status":"closed","ping_status":"closed","template":"","meta":[],"_links":{"self":[{"href":"https:\/\/santacatalina.edu.ar\/biblioteca\/wp-json\/wp\/v2\/pages\/605"}],"collection":[{"href":"https:\/\/santacatalina.edu.ar\/biblioteca\/wp-json\/wp\/v2\/pages"}],"about":[{"href":"https:\/\/santacatalina.edu.ar\/biblioteca\/wp-json\/wp\/v2\/types\/page"}],"author":[{"embeddable":true,"href":"https:\/\/santacatalina.edu.ar\/biblioteca\/wp-json\/wp\/v2\/users\/2"}],"replies":[{"embeddable":true,"href":"https:\/\/santacatalina.edu.ar\/biblioteca\/wp-json\/wp\/v2\/comments?post=605"}],"version-history":[{"count":11,"href":"https:\/\/santacatalina.edu.ar\/biblioteca\/wp-json\/wp\/v2\/pages\/605\/revisions"}],"predecessor-version":[{"id":1265,"href":"https:\/\/santacatalina.edu.ar\/biblioteca\/wp-json\/wp\/v2\/pages\/605\/revisions\/1265"}],"wp:attachment":[{"href":"https:\/\/santacatalina.edu.ar\/biblioteca\/wp-json\/wp\/v2\/media?parent=605"}],"curies":[{"name":"wp","href":"https:\/\/api.w.org\/{rel}","templated":true}]}}