{"id":602,"date":"2022-09-01T19:36:45","date_gmt":"2022-09-01T22:36:45","guid":{"rendered":"https:\/\/santacatalina.edu.ar\/biblioteca\/?page_id=602"},"modified":"2023-04-14T14:49:19","modified_gmt":"2023-04-14T17:49:19","slug":"documentos-academicos","status":"publish","type":"page","link":"https:\/\/santacatalina.edu.ar\/biblioteca\/documentos-academicos\/","title":{"rendered":"Documentos Institucionales"},"content":{"rendered":"\n<h2 class=\"wp-block-heading\">Ficha M\u00e9dica 2023 Nivel Secundario<\/h2>\n\n\n\n<div class=\"wp-block-file\"><object class=\"wp-block-file__embed\" data=\"https:\/\/santacatalina.edu.ar\/biblioteca\/wp-content\/uploads\/2023\/04\/4-FICHA-MEDICA-2023.pdf\" type=\"application\/pdf\" style=\"width:100%;height:600px\" aria-label=\"Incrustado de 4-FICHA-MEDICA-2023.\"><\/object><a id=\"wp-block-file--media-8c411645-c457-4c7b-9fd6-bdd78fdb552d\" href=\"https:\/\/santacatalina.edu.ar\/biblioteca\/wp-content\/uploads\/2023\/04\/4-FICHA-MEDICA-2023.pdf\">4-FICHA-MEDICA-2023<\/a><a href=\"https:\/\/santacatalina.edu.ar\/biblioteca\/wp-content\/uploads\/2023\/04\/4-FICHA-MEDICA-2023.pdf\" class=\"wp-block-file__button wp-element-button\" download aria-describedby=\"wp-block-file--media-8c411645-c457-4c7b-9fd6-bdd78fdb552d\">Descarga<\/a><\/div>\n\n\n\n<div style=\"height:100px\" aria-hidden=\"true\" class=\"wp-block-spacer\"><\/div>\n\n\n\n<hr class=\"wp-block-separator has-alpha-channel-opacity\"\/>\n\n\n\n<h2 class=\"wp-block-heading\">DECLARACI\u00d3N JURADA DE HORAS Y CARGOS<\/h2>\n\n\n<div class=\"wp-block-image\">\n<figure class=\"alignleft size-full is-resized\"><a href=\"https:\/\/santacatalina.edu.ar\/biblioteca\/wp-content\/uploads\/2023\/04\/banner-cover-letter-format-1.png\"><img decoding=\"async\" src=\"https:\/\/santacatalina.edu.ar\/biblioteca\/wp-content\/uploads\/2023\/04\/banner-cover-letter-format-1.png\" alt=\"\" class=\"wp-image-1059\" width=\"107\" height=\"82\" srcset=\"https:\/\/santacatalina.edu.ar\/biblioteca\/wp-content\/uploads\/2023\/04\/banner-cover-letter-format-1.png 388w, https:\/\/santacatalina.edu.ar\/biblioteca\/wp-content\/uploads\/2023\/04\/banner-cover-letter-format-1-300x230.png 300w\" sizes=\"(max-width: 107px) 100vw, 107px\" \/><\/a><\/figure><\/div>\n\n\n<div class=\"wp-block-file\"><a id=\"wp-block-file--media-1cfb67d2-095a-41fd-918d-ebf4baca308f\" href=\"https:\/\/santacatalina.edu.ar\/biblioteca\/wp-content\/uploads\/2023\/04\/DJ-horasISSC.doc\">DJ-horasISSC<\/a><a href=\"https:\/\/santacatalina.edu.ar\/biblioteca\/wp-content\/uploads\/2023\/04\/DJ-horasISSC.doc\" class=\"wp-block-file__button wp-element-button\" download aria-describedby=\"wp-block-file--media-1cfb67d2-095a-41fd-918d-ebf4baca308f\">Descarga<\/a><\/div>\n\n\n\n<div style=\"height:100px\" aria-hidden=\"true\" class=\"wp-block-spacer\"><\/div>\n\n\n\n<hr class=\"wp-block-separator has-alpha-channel-opacity\"\/>\n\n\n\n<h2 class=\"wp-block-heading\">DECLARACI\u00d3N DE FAMILIARES A CARGO<\/h2>\n\n\n<div class=\"wp-block-image\">\n<figure class=\"alignleft size-full is-resized\"><a href=\"https:\/\/santacatalina.edu.ar\/biblioteca\/wp-content\/uploads\/2023\/04\/banner-cover-letter-format-1.png\"><img decoding=\"async\" src=\"https:\/\/santacatalina.edu.ar\/biblioteca\/wp-content\/uploads\/2023\/04\/banner-cover-letter-format-1.png\" alt=\"\" class=\"wp-image-1059\" width=\"106\" height=\"81\" srcset=\"https:\/\/santacatalina.edu.ar\/biblioteca\/wp-content\/uploads\/2023\/04\/banner-cover-letter-format-1.png 388w, https:\/\/santacatalina.edu.ar\/biblioteca\/wp-content\/uploads\/2023\/04\/banner-cover-letter-format-1-300x230.png 300w\" sizes=\"(max-width: 106px) 100vw, 106px\" \/><\/a><\/figure><\/div>\n\n\n<div class=\"wp-block-file\"><a id=\"wp-block-file--media-94d39e59-7b29-4b62-8597-977d59965540\" href=\"https:\/\/santacatalina.edu.ar\/biblioteca\/wp-content\/uploads\/2023\/04\/DJ-Familiares-a-cargo.doc\">DJ-Familiares-a-cargo<\/a><a href=\"https:\/\/santacatalina.edu.ar\/biblioteca\/wp-content\/uploads\/2023\/04\/DJ-Familiares-a-cargo.doc\" class=\"wp-block-file__button wp-element-button\" download aria-describedby=\"wp-block-file--media-94d39e59-7b29-4b62-8597-977d59965540\">Descarga<\/a><\/div>\n","protected":false},"excerpt":{"rendered":"<p>Ficha M\u00e9dica 2023 Nivel Secundario DECLARACI\u00d3N JURADA DE HORAS Y CARGOS DECLARACI\u00d3N DE FAMILIARES A CARGO<\/p>\n","protected":false},"author":2,"featured_media":0,"parent":0,"menu_order":0,"comment_status":"closed","ping_status":"closed","template":"","meta":[],"_links":{"self":[{"href":"https:\/\/santacatalina.edu.ar\/biblioteca\/wp-json\/wp\/v2\/pages\/602"}],"collection":[{"href":"https:\/\/santacatalina.edu.ar\/biblioteca\/wp-json\/wp\/v2\/pages"}],"about":[{"href":"https:\/\/santacatalina.edu.ar\/biblioteca\/wp-json\/wp\/v2\/types\/page"}],"author":[{"embeddable":true,"href":"https:\/\/santacatalina.edu.ar\/biblioteca\/wp-json\/wp\/v2\/users\/2"}],"replies":[{"embeddable":true,"href":"https:\/\/santacatalina.edu.ar\/biblioteca\/wp-json\/wp\/v2\/comments?post=602"}],"version-history":[{"count":12,"href":"https:\/\/santacatalina.edu.ar\/biblioteca\/wp-json\/wp\/v2\/pages\/602\/revisions"}],"predecessor-version":[{"id":1191,"href":"https:\/\/santacatalina.edu.ar\/biblioteca\/wp-json\/wp\/v2\/pages\/602\/revisions\/1191"}],"wp:attachment":[{"href":"https:\/\/santacatalina.edu.ar\/biblioteca\/wp-json\/wp\/v2\/media?parent=602"}],"curies":[{"name":"wp","href":"https:\/\/api.w.org\/{rel}","templated":true}]}}