{"id":1156,"date":"2023-04-12T22:50:49","date_gmt":"2023-04-13T01:50:49","guid":{"rendered":"https:\/\/santacatalina.edu.ar\/biblioteca\/?page_id=1156"},"modified":"2023-04-12T22:50:49","modified_gmt":"2023-04-13T01:50:49","slug":"mision-vision-y-valores","status":"publish","type":"page","link":"https:\/\/santacatalina.edu.ar\/biblioteca\/mision-vision-y-valores\/","title":{"rendered":"Misi\u00f3n, Visi\u00f3n y Valores"},"content":{"rendered":"\n<h2 class=\"wp-block-heading has-vivid-cyan-blue-color has-text-color\">Misi\u00f3n<\/h2>\n\n\n\n<p>Acompa\u00f1amos los procesos de ense\u00f1anza y aprendizaje, poniendo a disposici\u00f3n de la comunidad educativa servicios y recursos informativo-documentales y tecnol\u00f3gicos \u00f3ptimos, promoviendo la formaci\u00f3n integral de la persona.<\/p>\n\n\n\n<h2 class=\"wp-block-heading has-vivid-cyan-blue-color has-text-color\">Visi\u00f3n<\/h2>\n\n\n\n<p>Constituirnos como un centro integral de recursos informativo-documentales y tecnol\u00f3gicos de calidad, en permanente innovaci\u00f3n, con vocaci\u00f3n de servicio y profesionalismo promoviendo la construcci\u00f3n cr\u00edtica del conocimiento.<\/p>\n\n\n\n<h2 class=\"wp-block-heading has-vivid-cyan-blue-color has-text-color\">Valores<\/h2>\n\n\n\n<ul>\n<li>Sentido de pertenencia<\/li>\n\n\n\n<li>Respeto<\/li>\n\n\n\n<li>Solidaridad<\/li>\n\n\n\n<li>Honestidad<\/li>\n\n\n\n<li>Atenci\u00f3n personalizada<\/li>\n\n\n\n<li>Tolerancia<\/li>\n\n\n\n<li>Juicio cr\u00edtico<\/li>\n\n\n\n<li>Calidad y profesionalidad<\/li>\n\n\n\n<li>Innovaci\u00f3n<\/li>\n\n\n\n<li>Trabajo en equipo<\/li>\n<\/ul>\n","protected":false},"excerpt":{"rendered":"<p>Misi\u00f3n Acompa\u00f1amos los procesos de ense\u00f1anza y aprendizaje, poniendo a disposici\u00f3n de la comunidad educativa servicios y recursos informativo-documentales y<\/p>\n","protected":false},"author":2,"featured_media":0,"parent":0,"menu_order":0,"comment_status":"closed","ping_status":"closed","template":"","meta":[],"_links":{"self":[{"href":"https:\/\/santacatalina.edu.ar\/biblioteca\/wp-json\/wp\/v2\/pages\/1156"}],"collection":[{"href":"https:\/\/santacatalina.edu.ar\/biblioteca\/wp-json\/wp\/v2\/pages"}],"about":[{"href":"https:\/\/santacatalina.edu.ar\/biblioteca\/wp-json\/wp\/v2\/types\/page"}],"author":[{"embeddable":true,"href":"https:\/\/santacatalina.edu.ar\/biblioteca\/wp-json\/wp\/v2\/users\/2"}],"replies":[{"embeddable":true,"href":"https:\/\/santacatalina.edu.ar\/biblioteca\/wp-json\/wp\/v2\/comments?post=1156"}],"version-history":[{"count":1,"href":"https:\/\/santacatalina.edu.ar\/biblioteca\/wp-json\/wp\/v2\/pages\/1156\/revisions"}],"predecessor-version":[{"id":1158,"href":"https:\/\/santacatalina.edu.ar\/biblioteca\/wp-json\/wp\/v2\/pages\/1156\/revisions\/1158"}],"wp:attachment":[{"href":"https:\/\/santacatalina.edu.ar\/biblioteca\/wp-json\/wp\/v2\/media?parent=1156"}],"curies":[{"name":"wp","href":"https:\/\/api.w.org\/{rel}","templated":true}]}}