{"id":1153,"date":"2023-04-12T22:48:58","date_gmt":"2023-04-13T01:48:58","guid":{"rendered":"https:\/\/santacatalina.edu.ar\/biblioteca\/?page_id=1153"},"modified":"2023-04-12T22:48:58","modified_gmt":"2023-04-13T01:48:58","slug":"nuestra-historia","status":"publish","type":"page","link":"https:\/\/santacatalina.edu.ar\/biblioteca\/nuestra-historia\/","title":{"rendered":"Nuestra Historia"},"content":{"rendered":"\n<p><strong>Historia Reciente:<\/strong><\/p>\n\n\n\n<p>La biblioteca del ISSC funciona en el nivel secundario en los turnos ma\u00f1ana y tarde y en el nivel Superior en el turno noche con caracter\u00edsticas diferenciales en cada uno de ellos.<\/p>\n\n\n\n<p>Nuestra historia reciente toma como punto de partida la creaci\u00f3n del Nivel Superior en el Instituto, lo que tiene lugar en el a\u00f1o 2009 con la creaci\u00f3n de la Tecnicatura Superior en Administraci\u00f3n y Gesti\u00f3n de PyMES y Cooperativas (Resoluci\u00f3n de aprobaci\u00f3n N\u00b0 064\/09); y m\u00e1s adelante, la Tecnicatura Superior en Laboratorio Qu\u00edmico\u2013Biol\u00f3gico (Resoluci\u00f3n S.P.E.P.M. N\u00b0 022\/11).<\/p>\n\n\n\n<p>Desde entonces la biblioteca ha sido protagonista de una serie de mejoras, producto de los diversos proyectos presentados y aprobados en el Plan de Mejoras del Instituto Nacional de Educaci\u00f3n T\u00e9cnica (INET), entre estos podemos mencionar como ejemplos las adquisiciones de equipamiento inform\u00e1tico y multimedial.<\/p>\n\n\n\n<p>En lo que respecta a la colecci\u00f3n documental, la misma se fue conformando de forma gradual a partir de la selecci\u00f3n de obras adecuadas a las necesidades informativas y recreativas de nuestros usuarios, las cuales est\u00e1n orientadas a fortalecer el perfil profesional de los futuros t\u00e9cnicos. Los documentos provienen mayoritariamente de la compra, aunque contamos con valiosas donaciones de miembros de nuestra comunidad educativa.<\/p>\n\n\n\n<p>A partir de la pandemia de COVID-19 y de las restricciones impuestas durante el per\u00edodo de ASPO (Aislamiento Social Preventivo y Obligatorio), se profundiz\u00f3 el proceso de transformaci\u00f3n digital que hab\u00eda comenzado anteriormente en el cual se complet\u00f3&nbsp; la digitalizaci\u00f3n de documentos, se incorporaron recursos en l\u00ednea y se habilit\u00f3 el correo electr\u00f3nico como v\u00eda de comunicaci\u00f3n entre otros avances.<\/p>\n\n\n\n<p>Ya en el a\u00f1o 2022, se desarroll\u00f3 este sitio web que nos permite llevar adelante nuestra misi\u00f3n acerc\u00e1ndonos a nuestros usuarios desde el entorno virtual. En el mismo se incopor\u00f3 el cat\u00e1logo en l\u00ednea, el repositorio digital y la posibilidad de gestionar reservas<\/p>\n","protected":false},"excerpt":{"rendered":"<p>Historia Reciente: La biblioteca del ISSC funciona en el nivel secundario en los turnos ma\u00f1ana y tarde y en el<\/p>\n","protected":false},"author":2,"featured_media":932,"parent":0,"menu_order":0,"comment_status":"closed","ping_status":"closed","template":"","meta":[],"_links":{"self":[{"href":"https:\/\/santacatalina.edu.ar\/biblioteca\/wp-json\/wp\/v2\/pages\/1153"}],"collection":[{"href":"https:\/\/santacatalina.edu.ar\/biblioteca\/wp-json\/wp\/v2\/pages"}],"about":[{"href":"https:\/\/santacatalina.edu.ar\/biblioteca\/wp-json\/wp\/v2\/types\/page"}],"author":[{"embeddable":true,"href":"https:\/\/santacatalina.edu.ar\/biblioteca\/wp-json\/wp\/v2\/users\/2"}],"replies":[{"embeddable":true,"href":"https:\/\/santacatalina.edu.ar\/biblioteca\/wp-json\/wp\/v2\/comments?post=1153"}],"version-history":[{"count":1,"href":"https:\/\/santacatalina.edu.ar\/biblioteca\/wp-json\/wp\/v2\/pages\/1153\/revisions"}],"predecessor-version":[{"id":1155,"href":"https:\/\/santacatalina.edu.ar\/biblioteca\/wp-json\/wp\/v2\/pages\/1153\/revisions\/1155"}],"wp:featuredmedia":[{"embeddable":true,"href":"https:\/\/santacatalina.edu.ar\/biblioteca\/wp-json\/wp\/v2\/media\/932"}],"wp:attachment":[{"href":"https:\/\/santacatalina.edu.ar\/biblioteca\/wp-json\/wp\/v2\/media?parent=1153"}],"curies":[{"name":"wp","href":"https:\/\/api.w.org\/{rel}","templated":true}]}}